{"id":618,"date":"2019-01-31T17:44:18","date_gmt":"2019-01-31T16:44:18","guid":{"rendered":"http:\/\/localhost\/navitechnik_wp\/?page_id=618"},"modified":"2019-01-31T17:57:45","modified_gmt":"2019-01-31T16:57:45","slug":"o-nas","status":"publish","type":"page","link":"https:\/\/www.navitechnik.pl\/en_gb\/o-nas\/","title":{"rendered":"About us"},"content":{"rendered":"<div class=\"wp-block-columns has-2-columns is-layout-flex wp-container-core-columns-layout-1 wp-block-columns-is-layout-flex\">\n<div class=\"wp-block-column is-layout-flow wp-block-column-is-layout-flow\">\n<figure class=\"wp-block-image\"><img loading=\"lazy\" decoding=\"async\" width=\"768\" height=\"1024\" src=\"http:\/\/localhostwww.navitechnik.pl.com\/wp-content\/uploads\/2019\/01\/onas-768x1024.jpg\" alt=\"\" class=\"wp-image-621\" srcset=\"https:\/\/www.navitechnik.pl\/wp-content\/uploads\/2019\/01\/onas-768x1024.jpg 768w, https:\/\/www.navitechnik.pl\/wp-content\/uploads\/2019\/01\/onas-225x300.jpg 225w, https:\/\/www.navitechnik.pl\/wp-content\/uploads\/2019\/01\/onas.jpg 960w\" sizes=\"(max-width: 768px) 100vw, 768px\" \/><\/figure>\n<\/div>\n\n\n\n<div class=\"wp-block-column is-layout-flow wp-block-column-is-layout-flow\">\n<p>We exist since 2000. We created a company, where we changed our hobby into a service company. We specialize in a narrow field of factory navigation systems of VW, Audi, Mercedes, BWM and Porsche.<\/p>\n\n\n\n<p> We are one of the first companies, which were dealing with installation of those systems, even before the map for Poland was created. We always follow technical progress and even try to overtake it. With the progress of time and market requirements, we have expanded our activity in the field of retrofitting factory multimedia systems in the cars. <\/p>\n\n\n\n<p>\n\nNavitechnik's services are always carefully made at the highest level. Over the years, we have developed a brand on the market and have won hundreds of clients from almost all cities in Poland.\n\n<\/p>\n<\/div>\n<\/div>","protected":false},"excerpt":{"rendered":"<p>Istniejemy od roku 2000. Stworzyli\u015bmy firm\u0119 w kt\u00f3rej zamienili\u015bmy swoje hobby w dzia\u0142alno\u015b\u0107 us\u0142ugow\u0105. Specjalizujemy w w\u0105skiej dziedzinie fabrycznych system\u00f3w nawigacji w samochodach VW &#8211; Audi oraz Mercedes &#8211; BMW. Jeste\u015bmy jedn\u0105 z pierwszych firm kt\u00f3re zajmowa\u0142y si\u0119 monta\u017cem tych system\u00f3w zanim powsta\u0142a mapa na teren Polski. Zawsze pod\u0105\u017camy za post\u0119pem technicznym a nawet staramy [&hellip;]<\/p>","protected":false},"author":1,"featured_media":0,"parent":0,"menu_order":2,"comment_status":"closed","ping_status":"closed","template":"page_audi.php","meta":{"footnotes":""},"acf":[],"_links":{"self":[{"href":"https:\/\/www.navitechnik.pl\/en_gb\/wp-json\/wp\/v2\/pages\/618"}],"collection":[{"href":"https:\/\/www.navitechnik.pl\/en_gb\/wp-json\/wp\/v2\/pages"}],"about":[{"href":"https:\/\/www.navitechnik.pl\/en_gb\/wp-json\/wp\/v2\/types\/page"}],"author":[{"embeddable":true,"href":"https:\/\/www.navitechnik.pl\/en_gb\/wp-json\/wp\/v2\/users\/1"}],"replies":[{"embeddable":true,"href":"https:\/\/www.navitechnik.pl\/en_gb\/wp-json\/wp\/v2\/comments?post=618"}],"version-history":[{"count":4,"href":"https:\/\/www.navitechnik.pl\/en_gb\/wp-json\/wp\/v2\/pages\/618\/revisions"}],"predecessor-version":[{"id":626,"href":"https:\/\/www.navitechnik.pl\/en_gb\/wp-json\/wp\/v2\/pages\/618\/revisions\/626"}],"wp:attachment":[{"href":"https:\/\/www.navitechnik.pl\/en_gb\/wp-json\/wp\/v2\/media?parent=618"}],"curies":[{"name":"wp","href":"https:\/\/api.w.org\/{rel}","templated":true}]}}