{"id":392,"date":"2019-01-14T22:55:52","date_gmt":"2019-01-14T21:55:52","guid":{"rendered":"http:\/\/localhost\/navitechnik_wp\/uslugi\/facelift-led-2\/"},"modified":"2019-03-05T21:05:37","modified_gmt":"2019-03-05T20:05:37","slug":"aktywny-tempomat-acc","status":"publish","type":"page","link":"https:\/\/www.navitechnik.pl\/en_gb\/uslugi\/aktywny-tempomat-acc\/","title":{"rendered":"Adaptive cruise control"},"content":{"rendered":"<p> Adaptive cruise control is a component that allows&nbsp;<strong>not only to maintain the chosen speed, but also the correction this speed, according to road conditions.<\/strong>It means automatic deceleration and acceleration taking into account current needs. <\/p>","protected":false},"excerpt":{"rendered":"<p>Aktywny tempomat to urz\u0105dzenie b\u0119d\u0105ce wyposa\u017ceniem samochodu, kt\u00f3re&nbsp;pozwala na nie tylko utrzymywanie zadanej pr\u0119dko\u015bci jazdy, ale tak\u017ce korekty tej pr\u0119dko\u015bci w zale\u017cno\u015bci od warunk\u00f3w na drodze. Oznacza to automatyczne zwalnianie oraz przyspieszenie uwzgl\u0119dniaj\u0105ce aktualne potrzeby.<\/p>","protected":false},"author":1,"featured_media":398,"parent":161,"menu_order":10,"comment_status":"closed","ping_status":"closed","template":"page_usluga.php","meta":{"footnotes":""},"acf":{"photo_gallery":{"galeria-uslug":[[{"id":397,"title":"IMG_2478","caption":"","full_image_url":"https:\/\/www.navitechnik.pl\/wp-content\/uploads\/2019\/01\/IMG_2478.jpg","thumbnail_image_url":"https:\/\/www.navitechnik.pl\/wp-content\/uploads\/2019\/01\/IMG_2478-150x150.jpg","large_srcset":"https:\/\/www.navitechnik.pl\/wp-content\/uploads\/2019\/01\/IMG_2478-1024x768.jpg 1024w, https:\/\/www.navitechnik.pl\/wp-content\/uploads\/2019\/01\/IMG_2478-300x225.jpg 300w, https:\/\/www.navitechnik.pl\/wp-content\/uploads\/2019\/01\/IMG_2478-768x576.jpg 768w, https:\/\/www.navitechnik.pl\/wp-content\/uploads\/2019\/01\/IMG_2478-1568x1176.jpg 1568w","medium_srcset":"https:\/\/www.navitechnik.pl\/wp-content\/uploads\/2019\/01\/IMG_2478-300x225.jpg 300w, https:\/\/www.navitechnik.pl\/wp-content\/uploads\/2019\/01\/IMG_2478-768x576.jpg 768w, https:\/\/www.navitechnik.pl\/wp-content\/uploads\/2019\/01\/IMG_2478-1024x768.jpg 1024w, https:\/\/www.navitechnik.pl\/wp-content\/uploads\/2019\/01\/IMG_2478-1568x1176.jpg 1568w","url":"","target":""}]]}},"_links":{"self":[{"href":"https:\/\/www.navitechnik.pl\/en_gb\/wp-json\/wp\/v2\/pages\/392"}],"collection":[{"href":"https:\/\/www.navitechnik.pl\/en_gb\/wp-json\/wp\/v2\/pages"}],"about":[{"href":"https:\/\/www.navitechnik.pl\/en_gb\/wp-json\/wp\/v2\/types\/page"}],"author":[{"embeddable":true,"href":"https:\/\/www.navitechnik.pl\/en_gb\/wp-json\/wp\/v2\/users\/1"}],"replies":[{"embeddable":true,"href":"https:\/\/www.navitechnik.pl\/en_gb\/wp-json\/wp\/v2\/comments?post=392"}],"version-history":[{"count":8,"href":"https:\/\/www.navitechnik.pl\/en_gb\/wp-json\/wp\/v2\/pages\/392\/revisions"}],"predecessor-version":[{"id":2806,"href":"https:\/\/www.navitechnik.pl\/en_gb\/wp-json\/wp\/v2\/pages\/392\/revisions\/2806"}],"up":[{"embeddable":true,"href":"https:\/\/www.navitechnik.pl\/en_gb\/wp-json\/wp\/v2\/pages\/161"}],"wp:featuredmedia":[{"embeddable":true,"href":"https:\/\/www.navitechnik.pl\/en_gb\/wp-json\/wp\/v2\/media\/398"}],"wp:attachment":[{"href":"https:\/\/www.navitechnik.pl\/en_gb\/wp-json\/wp\/v2\/media?parent=392"}],"curies":[{"name":"wp","href":"https:\/\/api.w.org\/{rel}","templated":true}]}}