{"id":1480,"date":"2019-02-27T23:33:57","date_gmt":"2019-02-27T22:33:57","guid":{"rendered":"http:\/\/localhost\/navitechnik_wp\/audi\/a3\/8p-do-2012\/monitory-lcd-w-zaglowkach\/"},"modified":"2019-02-27T23:34:47","modified_gmt":"2019-02-27T22:34:47","slug":"monitory-lcd-w-zaglowkach","status":"publish","type":"page","link":"https:\/\/www.navitechnik.pl\/en_gb\/audi\/a3\/8p-do-2012\/monitory-lcd-w-zaglowkach\/","title":{"rendered":"LCD Screens"},"content":{"rendered":"<p>Proponujemy Pa\u0144stwu rozbudow\u0119 posiadanego systemu audio video o dwa 7&#8243; monitory zamontowane w zag\u0142\u00f3wkach. Do monitor\u00f3w mo\u017cna bez problemu pod\u0142\u0105czy\u0107 dowolne \u017ar\u00f3d\u0142o Video, Play Station itp. Posiadanie monitor\u00f3w szczeg\u00f3lnie umili podr\u00f3\u017c pasa\u017cerom. <\/p>","protected":false},"excerpt":{"rendered":"<p>Proponujemy Pa\u0144stwu rozbudow\u0119 posiadanego systemu audio video o dwa 7&#8243; monitory zamontowane w zag\u0142\u00f3wkach. Do monitor\u00f3w mo\u017cna bez problemu pod\u0142\u0105czy\u0107 dowolne \u017ar\u00f3d\u0142o Video, Play Station itp. Posiadanie monitor\u00f3w szczeg\u00f3lnie umili podr\u00f3\u017c pasa\u017cerom.<\/p>","protected":false},"author":1,"featured_media":0,"parent":135,"menu_order":5,"comment_status":"closed","ping_status":"closed","template":"page_model-usluga.php","meta":{"footnotes":""},"acf":{"photo_gallery":{"galeria":[[{"id":1485,"title":"20150512183740-8ae2c7e8","caption":"","full_image_url":"https:\/\/www.navitechnik.pl\/wp-content\/uploads\/2019\/02\/20150512183740-8ae2c7e8.jpg","thumbnail_image_url":"https:\/\/www.navitechnik.pl\/wp-content\/uploads\/2019\/02\/20150512183740-8ae2c7e8-150x150.jpg","large_srcset":"https:\/\/www.navitechnik.pl\/wp-content\/uploads\/2019\/02\/20150512183740-8ae2c7e8.jpg 800w, https:\/\/www.navitechnik.pl\/wp-content\/uploads\/2019\/02\/20150512183740-8ae2c7e8-300x225.jpg 300w, https:\/\/www.navitechnik.pl\/wp-content\/uploads\/2019\/02\/20150512183740-8ae2c7e8-768x576.jpg 768w","medium_srcset":"https:\/\/www.navitechnik.pl\/wp-content\/uploads\/2019\/02\/20150512183740-8ae2c7e8-300x225.jpg 300w, https:\/\/www.navitechnik.pl\/wp-content\/uploads\/2019\/02\/20150512183740-8ae2c7e8-768x576.jpg 768w, https:\/\/www.navitechnik.pl\/wp-content\/uploads\/2019\/02\/20150512183740-8ae2c7e8.jpg 800w","url":"","target":""},{"id":1484,"title":"20150512183739-24119de0","caption":"","full_image_url":"https:\/\/www.navitechnik.pl\/wp-content\/uploads\/2019\/02\/20150512183739-24119de0.jpg","thumbnail_image_url":"https:\/\/www.navitechnik.pl\/wp-content\/uploads\/2019\/02\/20150512183739-24119de0-150x150.jpg","large_srcset":"https:\/\/www.navitechnik.pl\/wp-content\/uploads\/2019\/02\/20150512183739-24119de0.jpg 800w, https:\/\/www.navitechnik.pl\/wp-content\/uploads\/2019\/02\/20150512183739-24119de0-300x225.jpg 300w, https:\/\/www.navitechnik.pl\/wp-content\/uploads\/2019\/02\/20150512183739-24119de0-768x576.jpg 768w","medium_srcset":"https:\/\/www.navitechnik.pl\/wp-content\/uploads\/2019\/02\/20150512183739-24119de0-300x225.jpg 300w, https:\/\/www.navitechnik.pl\/wp-content\/uploads\/2019\/02\/20150512183739-24119de0-768x576.jpg 768w, https:\/\/www.navitechnik.pl\/wp-content\/uploads\/2019\/02\/20150512183739-24119de0.jpg 800w","url":"","target":""},{"id":1483,"title":"20150512183737-ff497469","caption":"","full_image_url":"https:\/\/www.navitechnik.pl\/wp-content\/uploads\/2019\/02\/20150512183737-ff497469.jpg","thumbnail_image_url":"https:\/\/www.navitechnik.pl\/wp-content\/uploads\/2019\/02\/20150512183737-ff497469-150x150.jpg","large_srcset":"https:\/\/www.navitechnik.pl\/wp-content\/uploads\/2019\/02\/20150512183737-ff497469.jpg 800w, https:\/\/www.navitechnik.pl\/wp-content\/uploads\/2019\/02\/20150512183737-ff497469-300x225.jpg 300w, https:\/\/www.navitechnik.pl\/wp-content\/uploads\/2019\/02\/20150512183737-ff497469-768x576.jpg 768w","medium_srcset":"https:\/\/www.navitechnik.pl\/wp-content\/uploads\/2019\/02\/20150512183737-ff497469-300x225.jpg 300w, https:\/\/www.navitechnik.pl\/wp-content\/uploads\/2019\/02\/20150512183737-ff497469-768x576.jpg 768w, https:\/\/www.navitechnik.pl\/wp-content\/uploads\/2019\/02\/20150512183737-ff497469.jpg 800w","url":"","target":""},{"id":1482,"title":"20150512183736-b5b27659","caption":"","full_image_url":"https:\/\/www.navitechnik.pl\/wp-content\/uploads\/2019\/02\/20150512183736-b5b27659.jpg","thumbnail_image_url":"https:\/\/www.navitechnik.pl\/wp-content\/uploads\/2019\/02\/20150512183736-b5b27659-150x150.jpg","large_srcset":"https:\/\/www.navitechnik.pl\/wp-content\/uploads\/2019\/02\/20150512183736-b5b27659.jpg 800w, https:\/\/www.navitechnik.pl\/wp-content\/uploads\/2019\/02\/20150512183736-b5b27659-300x225.jpg 300w, https:\/\/www.navitechnik.pl\/wp-content\/uploads\/2019\/02\/20150512183736-b5b27659-768x576.jpg 768w","medium_srcset":"https:\/\/www.navitechnik.pl\/wp-content\/uploads\/2019\/02\/20150512183736-b5b27659-300x225.jpg 300w, https:\/\/www.navitechnik.pl\/wp-content\/uploads\/2019\/02\/20150512183736-b5b27659-768x576.jpg 768w, https:\/\/www.navitechnik.pl\/wp-content\/uploads\/2019\/02\/20150512183736-b5b27659.jpg 800w","url":"","target":""}]]}},"_links":{"self":[{"href":"https:\/\/www.navitechnik.pl\/en_gb\/wp-json\/wp\/v2\/pages\/1480"}],"collection":[{"href":"https:\/\/www.navitechnik.pl\/en_gb\/wp-json\/wp\/v2\/pages"}],"about":[{"href":"https:\/\/www.navitechnik.pl\/en_gb\/wp-json\/wp\/v2\/types\/page"}],"author":[{"embeddable":true,"href":"https:\/\/www.navitechnik.pl\/en_gb\/wp-json\/wp\/v2\/users\/1"}],"replies":[{"embeddable":true,"href":"https:\/\/www.navitechnik.pl\/en_gb\/wp-json\/wp\/v2\/comments?post=1480"}],"version-history":[{"count":1,"href":"https:\/\/www.navitechnik.pl\/en_gb\/wp-json\/wp\/v2\/pages\/1480\/revisions"}],"predecessor-version":[{"id":1486,"href":"https:\/\/www.navitechnik.pl\/en_gb\/wp-json\/wp\/v2\/pages\/1480\/revisions\/1486"}],"up":[{"embeddable":true,"href":"https:\/\/www.navitechnik.pl\/en_gb\/wp-json\/wp\/v2\/pages\/135"}],"wp:attachment":[{"href":"https:\/\/www.navitechnik.pl\/en_gb\/wp-json\/wp\/v2\/media?parent=1480"}],"curies":[{"name":"wp","href":"https:\/\/api.w.org\/{rel}","templated":true}]}}